{"id":424276,"date":"2020-06-01T15:21:47","date_gmt":"2020-06-01T15:21:47","guid":{"rendered":"https:\/\/moviestunts12.wpengine.com\/vuurstunts\/"},"modified":"2021-01-15T10:34:48","modified_gmt":"2021-01-15T10:34:48","slug":"vuurstunts","status":"publish","type":"page","link":"https:\/\/movie-stunts.com\/be\/vuurstunts\/","title":{"rendered":"Vuurstunts"},"content":{"rendered":"<p>[et_pb_section fb_built=&#8221;1&#8243; custom_padding_last_edited=&#8221;off|phone&#8221; admin_label=&#8221;Header&#8221; _builder_version=&#8221;4.5.5&#8243; use_background_color_gradient=&#8221;on&#8221; background_color_gradient_start=&#8221;rgba(0,0,0,0.39)&#8221; background_color_gradient_end=&#8221;rgba(0,0,0,0.5)&#8221; background_color_gradient_overlays_image=&#8221;on&#8221; background_image=&#8221;https:\/\/movie-stunts.com\/wp-content\/uploads\/2020\/11\/burn.jpg&#8221; custom_padding=&#8221;10vw||10vw||true|false&#8221; locked=&#8221;off&#8221;][et_pb_row _builder_version=&#8221;3.27.3&#8243;][et_pb_column type=&#8221;4_4&#8243; _builder_version=&#8221;3.27.3&#8243;][et_pb_text _builder_version=&#8221;4.4.7&#8243; text_text_color=&#8221;rgba(255,255,255,0.5)&#8221; text_line_height=&#8221;1.8em&#8221; header_font_size=&#8221;5vw&#8221; header_line_height=&#8221;1.2em&#8221; header_3_font=&#8221;Montserrat|700||on|||||&#8221; header_3_text_color=&#8221;#f9002b&#8221; header_3_font_size=&#8221;16px&#8221; header_3_letter_spacing=&#8221;2px&#8221; header_3_line_height=&#8221;1.4em&#8221; text_orientation=&#8221;center&#8221; background_layout=&#8221;dark&#8221; header_font_size_tablet=&#8221;5vw&#8221; header_font_size_phone=&#8221;7vw&#8221; header_font_size_last_edited=&#8221;on|phone&#8221; header_3_font_size_tablet=&#8221;14px&#8221; header_3_font_size_phone=&#8221;&#8221; header_3_font_size_last_edited=&#8221;on|phone&#8221; locked=&#8221;off&#8221;]<\/p>\n<h1>Vuurstunts<\/h1>\n<p>[\/et_pb_text][et_pb_button button_url=&#8221;\/contact&#8221; button_text=&#8221;Huur ons in&#8221; button_alignment=&#8221;center&#8221; _builder_version=&#8221;4.4.7&#8243; custom_button=&#8221;on&#8221; button_text_size=&#8221;14px&#8221; button_text_color=&#8221;#ffffff&#8221; button_bg_color=&#8221;#ed1c24&#8243; button_border_width=&#8221;0px&#8221; button_border_radius=&#8221;0px&#8221; button_letter_spacing=&#8221;2px&#8221; button_font=&#8221;Montserrat|600|||||||&#8221; button_icon=&#8221;%%3%%&#8221; custom_padding=&#8221;15px|25px|15px|25px|false|false&#8221; locked=&#8221;off&#8221; button_bg_color__hover=&#8221;#ffffff&#8221; button_bg_color__hover_enabled=&#8221;on|hover&#8221; button_bg_enable_color__hover=&#8221;on&#8221; button_text_color__hover_enabled=&#8221;on|hover&#8221; button_text_color__hover=&#8221;#1f1f20&#8243;][\/et_pb_button][\/et_pb_column][\/et_pb_row][\/et_pb_section][et_pb_section fb_built=&#8221;1&#8243; admin_label=&#8221;Best Beans&#8221; _builder_version=&#8221;3.22&#8243; background_color_gradient_direction=&#8221;90deg&#8221; custom_padding=&#8221;0px|0px|0px|0px&#8221;][et_pb_row column_structure=&#8221;1_2,1_2&#8243; use_custom_gutter=&#8221;on&#8221; gutter_width=&#8221;1&#8243; make_equal=&#8221;on&#8221; admin_label=&#8221;Best Beans Row&#8221; module_class=&#8221; et_pb_row_fullwidth&#8221; _builder_version=&#8221;4.5.5&#8243; width=&#8221;100%&#8221; width_tablet=&#8221;100%&#8221; width_phone=&#8221;&#8221; width_last_edited=&#8221;on|desktop&#8221; max_width=&#8221;100%&#8221; max_width_tablet=&#8221;100%&#8221; max_width_phone=&#8221;&#8221; max_width_last_edited=&#8221;on|desktop&#8221; custom_margin=&#8221;|||&#8221; custom_padding=&#8221;0px|0px|0px|0px&#8221; make_fullwidth=&#8221;on&#8221;][et_pb_column type=&#8221;1_2&#8243; _builder_version=&#8221;4.4.7&#8243; custom_padding=&#8221;100px|8%|100px|8%|false|false&#8221; custom_padding__hover=&#8221;|||&#8221;][et_pb_text admin_label=&#8221;Tittle&#8221; _builder_version=&#8221;4.5.5&#8243; text_font_size=&#8221;18px&#8221; text_line_height=&#8221;1.8em&#8221; header_text_align=&#8221;center&#8221; header_2_font_size=&#8221;36px&#8221; header_3_font_size=&#8221;42px&#8221; header_3_line_height=&#8221;1.5em&#8221; max_width=&#8221;600px&#8221; max_width_tablet=&#8221;&#8221; max_width_phone=&#8221;&#8221; max_width_last_edited=&#8221;on|phone&#8221; module_alignment=&#8221;left&#8221; custom_margin=&#8221;50px||||false|false&#8221; locked=&#8221;off&#8221;]<\/p>\n<h2>Vuur stunts:\u00a0van vlam vatten tot vuurzee\u00ebn<\/h2>\n<div class=\"et_pb_module et_pb_text et_pb_text_1  et_pb_text_align_left et_pb_bg_layout_light\">\n<div class=\"et_pb_text_inner\">\n<p>Movie Stunts International cre\u00ebert de sensationeelste vuurstunts die je in films, commercials en op tv ziet. Met name in Nederland en Belgi\u00eb. Uit een vuurzee tevoorschijn komen of vlam vatten, altijd met de grootste veiligheid en een spectaculair resultaat. Vuurstunts zijn vaak niet de eenvoudigste stunts, maar wel met een zeer spectaculair resultaat, en wij zijn er goed in.<\/p>\n<p>Wij hebben professionele stuntmannen en stuntvrouwen in ons stuntteam met vuur stunts als specialisatie. Met de juiste bijbehorende materialen, kleding, Nomex, pbi, carbonX kleding en maskers voor full burn, valt elke vuur stunt veilig uit te voeren. Ook voor uw sc\u00e8ne cre\u00ebren we een spectaculaire vuur stunt op maat!<\/p>\n<\/div>\n<\/div>\n<div class=\"et_pb_button_module_wrapper et_pb_button_0_wrapper  et_pb_module \"><\/div>\n<p>[\/et_pb_text][et_pb_button button_url=&#8221;\/contact&#8221; button_text=&#8221;contact&#8221; _builder_version=&#8221;4.5.5&#8243; custom_button=&#8221;on&#8221; button_text_size=&#8221;14px&#8221; button_text_color=&#8221;#ffffff&#8221; button_bg_color=&#8221;#ed1c24&#8243; button_border_width=&#8221;0px&#8221; button_border_color=&#8221;#ed1c24&#8243; button_letter_spacing=&#8221;2px&#8221; button_font=&#8221;Montserrat|600||on|||||&#8221; button_icon=&#8221;%%3%%&#8221; custom_margin=&#8221;40px||50px||false|false&#8221; custom_padding=&#8221;15px|25px|15px|25px|true|false&#8221; button_bg_color__hover=&#8221;#1f1f20&#8243; button_bg_color__hover_enabled=&#8221;on|hover&#8221; button_bg_enable_color__hover=&#8221;on&#8221;][\/et_pb_button][\/et_pb_column][et_pb_column type=&#8221;1_2&#8243; _builder_version=&#8221;4.5.5&#8243; background_image=&#8221;https:\/\/movie-stunts.com\/wp-content\/uploads\/2020\/11\/edje-in-de-brand-2.jpg&#8221; custom_padding=&#8221;|||&#8221; custom_padding__hover=&#8221;|||&#8221;][et_pb_divider show_divider=&#8221;off&#8221; _builder_version=&#8221;4.4.7&#8243; min_height=&#8221;400px&#8221; height=&#8221;100%&#8221;][\/et_pb_divider][\/et_pb_column][\/et_pb_row][\/et_pb_section][et_pb_section fb_built=&#8221;1&#8243; _builder_version=&#8221;4.4.7&#8243; background_color=&#8221;#f9f9f9&#8243; box_shadow_style=&#8221;preset1&#8243; box_shadow_blur=&#8221;46px&#8221; box_shadow_color=&#8221;rgba(0,0,0,0.21)&#8221;][et_pb_row column_structure=&#8221;1_4,1_4,1_4,1_4&#8243; use_custom_gutter=&#8221;on&#8221; gutter_width=&#8221;2&#8243; _builder_version=&#8221;4.4.7&#8243; width=&#8221;90%&#8221; max_width=&#8221;1280px&#8221;][et_pb_column type=&#8221;1_4&#8243; _builder_version=&#8221;4.4.7&#8243;][et_pb_text _builder_version=&#8221;4.4.7&#8243; text_orientation=&#8221;center&#8221;]<\/p>\n<h5>Particial burn<\/h5>\n<p>[\/et_pb_text][et_pb_image src=&#8221;https:\/\/movie-stunts.com\/wp-content\/uploads\/2020\/06\/blazestunts-partial-burn.jpg&#8221; show_in_lightbox=&#8221;on&#8221; _builder_version=&#8221;4.4.7&#8243;][\/et_pb_image][et_pb_text _builder_version=&#8221;4.4.7&#8243; text_orientation=&#8221;center&#8221;]Bij particial burn staat alleen een arm of been in brand.[\/et_pb_text][\/et_pb_column][et_pb_column type=&#8221;1_4&#8243; _builder_version=&#8221;4.4.7&#8243;][et_pb_text _builder_version=&#8221;4.4.7&#8243; text_orientation=&#8221;center&#8221;]<\/p>\n<h5>Full burn<\/h5>\n<p>[\/et_pb_text][et_pb_image src=&#8221;https:\/\/movie-stunts.com\/wp-content\/uploads\/2020\/10\/Edje-in-de-brand.jpg&#8221; title_text=&#8221;Edje in de brand&#8221; show_in_lightbox=&#8221;on&#8221; _builder_version=&#8221;4.7.4&#8243;][\/et_pb_image][et_pb_text _builder_version=&#8221;4.4.7&#8243; text_orientation=&#8221;center&#8221;]<\/p>\n<p class=\"Standard\"><span lang=\"nl\">Bij full burn staat iemand van boven tot onder in brand.<o:p><\/o:p><\/span><\/p>\n<p>[\/et_pb_text][\/et_pb_column][et_pb_column type=&#8221;1_4&#8243; _builder_version=&#8221;4.4.7&#8243;][et_pb_text _builder_version=&#8221;4.4.7&#8243; text_orientation=&#8221;center&#8221;]<\/p>\n<h5>Naked skin burns<\/h5>\n<p>[\/et_pb_text][et_pb_image src=&#8221;https:\/\/movie-stunts.com\/wp-content\/uploads\/2020\/06\/blazestunts-vuurstunts.jpg&#8221; show_in_lightbox=&#8221;on&#8221; _builder_version=&#8221;4.4.7&#8243;][\/et_pb_image][et_pb_text _builder_version=&#8221;4.4.7&#8243; text_orientation=&#8221;center&#8221;]<\/p>\n<p class=\"Standard\"><span lang=\"nl\">Iemand lijkt in brand te staan met blote huid. Wij gebruiken een speciale gel en brandpasta als onzichtbare bescherming, dit kan voor elk lichaamsdeel inclusief hoofd.<o:p><\/o:p><\/span><\/p>\n<p>[\/et_pb_text][\/et_pb_column][et_pb_column type=&#8221;1_4&#8243; _builder_version=&#8221;4.4.7&#8243;][et_pb_text _builder_version=&#8221;4.4.7&#8243; text_orientation=&#8221;center&#8221;]<\/p>\n<h5>Explosions<\/h5>\n<p>[\/et_pb_text][et_pb_image src=&#8221;https:\/\/movie-stunts.com\/wp-content\/uploads\/2020\/11\/Kaboem-e1604584049484-1.jpg&#8221; title_text=&#8221;Kaboem-e1604584049484&#8243; _builder_version=&#8221;4.5.5&#8243; _module_preset=&#8221;default&#8221;][\/et_pb_image][et_pb_text _builder_version=&#8221;4.4.7&#8243; text_orientation=&#8221;center&#8221;]<\/p>\n<p class=\"Standard\"><span lang=\"nl\">De performer staat dichtbij of in de ontploffing en wordt al dan niet naar achteren getrokken.<o:p><\/o:p><\/span><\/p>\n<p>[\/et_pb_text][\/et_pb_column][\/et_pb_row][\/et_pb_section][et_pb_section fb_built=&#8221;1&#8243; _builder_version=&#8221;4.4.7&#8243; background_color=&#8221;#1f1f20&#8243;][et_pb_row _builder_version=&#8221;4.4.7&#8243; custom_padding=&#8221;||3px|||&#8221;][et_pb_column type=&#8221;4_4&#8243; _builder_version=&#8221;4.4.7&#8243;][et_pb_cta title=&#8221;Wilt u een vuurstunt inzetten?&#8221; button_url=&#8221;\/contact&#8221; button_text=&#8221;Contact&#8221; _builder_version=&#8221;4.4.7&#8243; header_font_size=&#8221;34px&#8221; body_font_size=&#8221;18px&#8221; background_enable_color=&#8221;off&#8221; custom_button=&#8221;on&#8221; button_text_size=&#8221;14px&#8221; button_text_color=&#8221;#ffffff&#8221; button_bg_color=&#8221;#ed1c24&#8243; button_border_width=&#8221;0px&#8221; button_border_color=&#8221;#ed1c24&#8243; button_border_radius=&#8221;0px&#8221; button_font=&#8221;Montserrat|600|||||||&#8221; button_custom_padding=&#8221;15px|25px|15px|25px|false|false&#8221; button_bg_color_tablet=&#8221;&#8221; button_bg_color_phone=&#8221;&#8221; button_bg_color_last_edited=&#8221;on|desktop&#8221; button_bg_color__hover_enabled=&#8221;on|desktop&#8221; button_bg_color__hover=&#8221;#ffffff&#8221; button_bg_enable_color__hover=&#8221;on&#8221; button_text_color__hover_enabled=&#8221;on|hover&#8221; button_text_color__hover=&#8221;#1f1f20&#8243;]<\/p>\n<p><span>Neem gerust contact op voor meer informatie. Wij koppelen de juiste stuntman of stuntvrouw aan de door u gewenste vuurstunt.<\/span><\/p>\n<p>[\/et_pb_cta][\/et_pb_column][\/et_pb_row][\/et_pb_section]<\/p>\n","protected":false},"excerpt":{"rendered":"<p>VuurstuntsVuur stunts:\u00a0van vlam vatten tot vuurzee\u00ebn Movie Stunts International cre\u00ebert de sensationeelste vuurstunts die je in films, commercials en op tv ziet. Met name in Nederland en Belgi\u00eb. Uit een vuurzee tevoorschijn komen of vlam vatten, altijd met de grootste veiligheid en een spectaculair resultaat. Vuurstunts zijn vaak niet de eenvoudigste stunts, maar wel met [&hellip;]<\/p>\n","protected":false},"author":348,"featured_media":0,"parent":0,"menu_order":0,"comment_status":"closed","ping_status":"closed","template":"","meta":{"_et_pb_use_builder":"on","_et_pb_old_content":"","_et_gb_content_width":"","footnotes":""},"class_list":["post-424276","page","type-page","status-publish","hentry"],"_links":{"self":[{"href":"https:\/\/movie-stunts.com\/be\/wp-json\/wp\/v2\/pages\/424276","targetHints":{"allow":["GET"]}}],"collection":[{"href":"https:\/\/movie-stunts.com\/be\/wp-json\/wp\/v2\/pages"}],"about":[{"href":"https:\/\/movie-stunts.com\/be\/wp-json\/wp\/v2\/types\/page"}],"author":[{"embeddable":true,"href":"https:\/\/movie-stunts.com\/be\/wp-json\/wp\/v2\/users\/348"}],"replies":[{"embeddable":true,"href":"https:\/\/movie-stunts.com\/be\/wp-json\/wp\/v2\/comments?post=424276"}],"version-history":[{"count":0,"href":"https:\/\/movie-stunts.com\/be\/wp-json\/wp\/v2\/pages\/424276\/revisions"}],"wp:attachment":[{"href":"https:\/\/movie-stunts.com\/be\/wp-json\/wp\/v2\/media?parent=424276"}],"curies":[{"name":"wp","href":"https:\/\/api.w.org\/{rel}","templated":true}]}}