{"id":425551,"date":"2020-11-23T08:22:33","date_gmt":"2020-11-23T08:22:33","guid":{"rendered":"https:\/\/moviestunts12.wpengine.com\/politique-de-confidentialite\/"},"modified":"2024-06-11T11:19:35","modified_gmt":"2024-06-11T09:19:35","slug":"politique-de-confidentialite","status":"publish","type":"page","link":"https:\/\/movie-stunts.com\/fr\/politique-de-confidentialite\/","title":{"rendered":"Politique de confidentialit\u00e9"},"content":{"rendered":"<p>[et_pb_section fb_built=\u00a0\u00bb1&Prime; _builder_version=\u00a0\u00bb4.16&Prime; global_colors_info=\u00a0\u00bb{}\u00a0\u00bb][et_pb_row _builder_version=\u00a0\u00bb4.16&Prime; background_size=\u00a0\u00bbinitial\u00a0\u00bb background_position=\u00a0\u00bbtop_left\u00a0\u00bb background_repeat=\u00a0\u00bbrepeat\u00a0\u00bb global_colors_info=\u00a0\u00bb{}\u00a0\u00bb column_structure=\u00a0\u00bb1_2,1_2&Prime;][et_pb_column type=\u00a0\u00bb1_2&Prime; _builder_version=\u00a0\u00bb4.16&Prime; custom_padding=\u00a0\u00bb|||\u00a0\u00bb global_colors_info=\u00a0\u00bb{}\u00a0\u00bb custom_padding__hover=\u00a0\u00bb|||\u00a0\u00bb][et_pb_text _builder_version=\u00a0\u00bb4.16&Prime; background_size=\u00a0\u00bbinitial\u00a0\u00bb background_position=\u00a0\u00bbtop_left\u00a0\u00bb background_repeat=\u00a0\u00bbrepeat\u00a0\u00bb global_colors_info=\u00a0\u00bb{}\u00a0\u00bb]<\/p>\n<p><strong>Donn\u00e9es personnelles trait\u00e9es<\/strong><\/p>\n<p>Movie Stunts peut traiter des donn\u00e9es personnelles vous concernant parce que vous utilisez les services de Movie Stunts, et\/ou parce que vous les fournissez vous-m\u00eame \u00e0 Movie Stunts lorsque vous remplissez un formulaire de contact sur le site. Movie Stunts peut traiter les donn\u00e9es personnelles suivantes :<br \/>Votre nom et pr\u00e9nom<br \/>Votre adresse<br \/>Votre num\u00e9ro de t\u00e9l\u00e9phone<br \/>Votre adresse e-mail<br \/>Votre adresse IP<br \/>Votre comportement sur ce site<\/p>\n<p><strong>Pourquoi Movie Stunts a besoin de donn\u00e9es<\/strong><\/p>\n<p>Movie Stunts traite vos donn\u00e9es personnelles pour pouvoir vous contacter par t\u00e9l\u00e9phone si vous en faites la demande, et\/ou pour pouvoir vous contacter par \u00e9crit (par email et\/ou par courrier) si vous n&rsquo;\u00eates pas joignable par t\u00e9l\u00e9phone. En outre, Movie Stunts peut utiliser vos donn\u00e9es personnelles dans le cadre de l&rsquo;ex\u00e9cution d&rsquo;un contrat de mission conclu avec vous, consistant g\u00e9n\u00e9ralement en des services juridiques.<\/p>\n<p><strong>Combien de temps Movie Stunts conserve les donn\u00e9es<\/strong><\/p>\n<p>Movie Stunts ne stocke pas vos donn\u00e9es personnelles plus longtemps que strictement n\u00e9cessaire pour r\u00e9aliser les finalit\u00e9s pour lesquelles vos donn\u00e9es sont collect\u00e9es. Vos donn\u00e9es ne seront pas conserv\u00e9es plus d&rsquo;un an si aucun accord n&rsquo;est conclu avec vous.<\/p>\n<p><strong>Partagez avec les autres<\/strong><\/p>\n<p>Movie Stunts ne fournit vos donn\u00e9es personnelles \u00e0 des tiers que si cela est n\u00e9cessaire pour l&rsquo;ex\u00e9cution d&rsquo;un accord avec vous ou pour se conformer \u00e0 une obligation l\u00e9gale.<\/p>\n<p><strong>Cartographie des visites du site Web<\/strong><\/p>\n<p>Les donn\u00e9es g\u00e9n\u00e9rales des visiteurs sont conserv\u00e9es sur le site Web Movie Stunts, y compris l&rsquo;adresse IP de votre ordinateur, l&rsquo;heure de r\u00e9cup\u00e9ration et les donn\u00e9es envoy\u00e9es par votre navigateur. Ces donn\u00e9es sont utilis\u00e9es pour des analyses de comportement de visite et de clic sur le site Web. Movie Stunts utilise ces informations pour am\u00e9liorer le fonctionnement du site Web. Ces donn\u00e9es sont anonymis\u00e9es autant que possible et ne sont pas fournies \u00e0 des tiers.<\/p>\n<p><strong>Google Analytics<\/strong><\/p>\n<p>Movie Stunts utilise Google Analytics pour suivre la fa\u00e7on dont les utilisateurs utilisent le site Web et l&rsquo;efficacit\u00e9 des publicit\u00e9s Adwords de &#8230; sur les pages de r\u00e9sultats de recherche Google. Les informations ainsi obtenues, y compris l&rsquo;adresse de votre ordinateur (adresse IP), seront transf\u00e9r\u00e9es et stock\u00e9es par Google sur des serveurs aux \u00c9tats-Unis. Lisez la politique de confidentialit\u00e9 de Google pour plus d&rsquo;informations. Vous trouverez \u00e9galement la politique de confidentialit\u00e9 de Google Analytics ici. Google utilise ces informations pour suivre l&rsquo;utilisation de notre site Web, fournir des rapports sur le site Web \u00e0 Movie Stunts et fournir \u00e0 ses annonceurs des informations sur l&rsquo;efficacit\u00e9 de leurs campagnes. Google peut fournir ces informations \u00e0 des tiers si Google est l\u00e9galement tenu de le faire, ou dans la mesure o\u00f9 ces tiers traitent les informations pour le compte de Google. Movie Stunts n&rsquo;a aucune influence l\u00e0-dessus. Movie Stunts n&rsquo;a pas autoris\u00e9 Google \u00e0 utiliser les informations Analytics obtenues via Movie Stunts pour d&rsquo;autres services Google.<\/p>\n<p><strong>Afficher, modifier ou supprimer des donn\u00e9es<\/strong><\/p>\n<p>Vous avez le droit de consulter, de corriger ou de supprimer vos donn\u00e9es personnelles. Vous pouvez envoyer une demande d&rsquo;acc\u00e8s, de correction ou de suppression \u00e0 Movie Stunts. Movie Stunts r\u00e9pondra \u00e0 votre demande d\u00e8s que possible, mais dans un d\u00e9lai de quatre semaines.<\/p>\n<p><strong>S\u00e9curiser<\/strong><\/p>\n<p>Movie Stunts prend la protection de vos donn\u00e9es au s\u00e9rieux et prend les mesures appropri\u00e9es pour emp\u00eacher l&rsquo;utilisation abusive, la perte, l&rsquo;acc\u00e8s non autoris\u00e9, la divulgation non d\u00e9sir\u00e9e et la modification non autoris\u00e9e. Le site Web Movie Stunts utilise un certificat SSL fiable pour garantir que vos donn\u00e9es personnelles ne tombent pas entre de mauvaises mains. Si vous avez l&rsquo;impression que vos donn\u00e9es ne sont pas correctement s\u00e9curis\u00e9es ou s&rsquo;il y a des indications d&rsquo;utilisation abusive, ou si vous souhaitez plus d&rsquo;informations sur la s\u00e9curit\u00e9 des donn\u00e9es personnelles collect\u00e9es par Movie Stunts, veuillez contacter Movie Stunts<\/p>\n<p>[\/et_pb_text][\/et_pb_column][et_pb_column type=\u00a0\u00bb1_2&Prime; _builder_version=\u00a0\u00bb4.16&Prime; custom_padding=\u00a0\u00bb|||\u00a0\u00bb global_colors_info=\u00a0\u00bb{}\u00a0\u00bb custom_padding__hover=\u00a0\u00bb|||\u00a0\u00bb][et_pb_code _builder_version=\u00a0\u00bb4.25.1&Prime; _module_preset=\u00a0\u00bbdefault\u00a0\u00bb hover_enabled=\u00a0\u00bb0&Prime; sticky_enabled=\u00a0\u00bb0&Prime;]    \t<div id=\"gdprc_settings\" class=\" corners animations\">\n                \t\t\t<div class=\"gdprc_header\">\n                <h3 class='gdprc_header__title'>Param\u00e8tres de consentement du RGPD<\/h3><p class='gdprc_header__subtitle'>Modifiez vos param\u00e8tres de consentement ci-dessous.<\/p>\t\t\t<\/div>\n        \n        \t\t\t<div class=\"gdprc_actions\">\n                \t\t\t\t<button class=\"gdprc_action__save_all gdprc_button gdprc_action button\">\n\t\t\t\t\t<span class=\"gdprc_action\">Accepter tout<\/span>\n\t\t\t\t\t<span class=\"gdprc_done\">Termin\u00e9<\/span>\n\t\t\t\t<\/button>\n                \t\t\t<\/div>\n        \n\t\t<div class=\"gdprc_items\">\n                            \t<div class=\"gdprc_item gdprc_optional\" gdprc-item-id=\"425929\">\n        \t\t<label for=\"gdprc_input_425929\" class=\"gdprc_item__label\">\n            \t\t\t\t<i class=\"gdprc_item__icon gdpricons gdpri gdpri-2x gdpri-google\"><\/i>\n                        Google Analytics\t\t<\/label>\n\n        \t\t<a name=\"googleAnalytics\" class=\"gdprc_content__anchor\">\n\t\t\t<div class=\"gdprc_item__toggle__wrapper\">\n\t\t\t\t<input id=\"gdprc_input_425929\" data-gdprconsent=\"425929\" class=\"gdprc_item__toggle gdprc_consent_option gdprc_optional\"  type=\"checkbox\" \/>\n\t\t\t\t<label for=\"gdprc_input_425929\"><\/label>\n\t\t\t<\/div>\n\t\t<\/a>\n\t\t<p class=\"gdprc_item__desc\">Nous utilisons Google Analytics pour collecter des informations anonymes sur l'utilisation de notre site web. Les donn\u00e9es sont rendues anonymes avant d'\u00eatre stock\u00e9es et trait\u00e9es. Pour rendre les donn\u00e9es anonymes, le dernier octet de votre adresse IP est masqu\u00e9. Les informations collect\u00e9es ne sont pas communiqu\u00e9es \u00e0 d'autres services de Google ou \u00e0 des tiers.<\/p>\n         <a href=\"#\" class=\"gdprc_item__link gdprc_link\">Voir les d\u00e9tails<\/a>        \t<\/div>\n\t            \t\t<\/div>\n\n\t\t<div class=\"gdprc_actions\">\n            \t\t\t<button class=\"gdprc_action__save gdprc_button gdprc_action button\">\n\t\t\t\t<span class=\"gdprc_action\">Changer mes droits<\/span>\n\t\t\t\t<span class=\"gdprc_done\">Termin\u00e9<\/span>\n\t\t\t<\/button>\n\t\t\t<span>\n            <a href=\"#\" class=\"gdprc_action__delete gdprc_link gdprc_action\">\n                <span class=\"gdprc_action\">Vergeet mes r\u00e9glages<\/span>\n            <\/a>\n            <span class=\"gdprc_done\">Supprim\u00e9<\/span>\n        <\/span>\n            \t\t<\/div>\n\t<\/div>\n        [\/et_pb_code][\/et_pb_column][\/et_pb_row][\/et_pb_section]<\/p>\n","protected":false},"excerpt":{"rendered":"<p>Donn\u00e9es personnelles trait\u00e9es Movie Stunts peut traiter des donn\u00e9es personnelles vous concernant parce que vous utilisez les services de Movie Stunts, et\/ou parce que vous les fournissez vous-m\u00eame \u00e0 Movie Stunts lorsque vous remplissez un formulaire de contact sur le site. Movie Stunts peut traiter les donn\u00e9es personnelles suivantes :Votre nom et pr\u00e9nomVotre adresseVotre num\u00e9ro [&hellip;]<\/p>\n","protected":false},"author":1,"featured_media":0,"parent":0,"menu_order":0,"comment_status":"closed","ping_status":"closed","template":"","meta":{"_et_pb_use_builder":"on","_et_pb_old_content":"","_et_gb_content_width":"","footnotes":""},"class_list":["post-425551","page","type-page","status-publish","hentry"],"_links":{"self":[{"href":"https:\/\/movie-stunts.com\/fr\/wp-json\/wp\/v2\/pages\/425551","targetHints":{"allow":["GET"]}}],"collection":[{"href":"https:\/\/movie-stunts.com\/fr\/wp-json\/wp\/v2\/pages"}],"about":[{"href":"https:\/\/movie-stunts.com\/fr\/wp-json\/wp\/v2\/types\/page"}],"author":[{"embeddable":true,"href":"https:\/\/movie-stunts.com\/fr\/wp-json\/wp\/v2\/users\/1"}],"replies":[{"embeddable":true,"href":"https:\/\/movie-stunts.com\/fr\/wp-json\/wp\/v2\/comments?post=425551"}],"version-history":[{"count":0,"href":"https:\/\/movie-stunts.com\/fr\/wp-json\/wp\/v2\/pages\/425551\/revisions"}],"wp:attachment":[{"href":"https:\/\/movie-stunts.com\/fr\/wp-json\/wp\/v2\/media?parent=425551"}],"curies":[{"name":"wp","href":"https:\/\/api.w.org\/{rel}","templated":true}]}}